{"id":119,"date":"2011-11-23T00:16:50","date_gmt":"2011-11-23T04:16:50","guid":{"rendered":"http:\/\/gruesa.net\/web\/?page_id=119"},"modified":"2022-08-26T09:24:57","modified_gmt":"2022-08-26T13:24:57","slug":"finaciamiento","status":"publish","type":"page","link":"https:\/\/gruesa.net\/web\/informaciones\/finaciamiento\/","title":{"rendered":"Finaciamiento"},"content":{"rendered":"<p><a href=\"http:\/\/gruesa.net\/web\/informaciones\/finaciamiento\/\">Finaciamiento<\/a>\u00a0|\u00a0<a href=\"http:\/\/gruesa.net\/web\/informaciones\/calculadora\/\">Calculadora<\/a>\u00a0|\u00a0<a href=\"http:\/\/gruesa.net\/web\/informaciones\/conversor-monedas\/\">Conversor<\/a><\/p>\n<p>Para mayor flexibilidad de nuestros clientes ofrecemos estrechas relaciones con la mayor\u00eda<\/p>\n<p style=\"text-align: justify;\">de entidades de financiamiento hipotecario del pa\u00eds. Con la finalidad de ofrecer una gran variedad,<br \/>\npara que as\u00ed sea decisi\u00f3n de usted la entidad de conveniencia y vaya acorde con sus necesidades.<\/p>\n<p style=\"text-align: justify;\">A la vez nuestro personal de ventas est\u00e1 altamente capacitado para ofrecerle informaci\u00f3n y apoyo durante todo<br \/>\nel proceso de venta, incluyendo el financiamiento y siempre ofreci\u00e9ndole un servicio personalizado que<br \/>\nle garantiza rapidez y seguridad durante esta transacci\u00f3n tan importante para usted, como lo es, la compra<br \/>\nde un inmueble.<\/p>\n<p>&nbsp;<\/p>\n","protected":false},"excerpt":{"rendered":"<p>Finaciamiento\u00a0|\u00a0Calculadora\u00a0|\u00a0Conversor Para mayor flexibilidad de nuestros clientes ofrecemos estrechas relaciones con la mayor\u00eda de entidades de financiamiento hipotecario del pa\u00eds. Con la finalidad de ofrecer una gran variedad, para que as\u00ed sea decisi\u00f3n de usted la entidad de conveniencia y vaya acorde con sus necesidades. A la vez nuestro personal de ventas est\u00e1 altamente capacitado [&hellip;]<\/p>\n","protected":false},"author":2,"featured_media":0,"parent":12,"menu_order":0,"comment_status":"closed","ping_status":"open","template":"","meta":[],"_links":{"self":[{"href":"https:\/\/gruesa.net\/web\/wp-json\/wp\/v2\/pages\/119"}],"collection":[{"href":"https:\/\/gruesa.net\/web\/wp-json\/wp\/v2\/pages"}],"about":[{"href":"https:\/\/gruesa.net\/web\/wp-json\/wp\/v2\/types\/page"}],"author":[{"embeddable":true,"href":"https:\/\/gruesa.net\/web\/wp-json\/wp\/v2\/users\/2"}],"replies":[{"embeddable":true,"href":"https:\/\/gruesa.net\/web\/wp-json\/wp\/v2\/comments?post=119"}],"version-history":[{"count":18,"href":"https:\/\/gruesa.net\/web\/wp-json\/wp\/v2\/pages\/119\/revisions"}],"predecessor-version":[{"id":896,"href":"https:\/\/gruesa.net\/web\/wp-json\/wp\/v2\/pages\/119\/revisions\/896"}],"up":[{"embeddable":true,"href":"https:\/\/gruesa.net\/web\/wp-json\/wp\/v2\/pages\/12"}],"wp:attachment":[{"href":"https:\/\/gruesa.net\/web\/wp-json\/wp\/v2\/media?parent=119"}],"curies":[{"name":"wp","href":"https:\/\/api.w.org\/{rel}","templated":true}]}}