{"id":196,"date":"2011-11-23T10:28:48","date_gmt":"2011-11-23T14:28:48","guid":{"rendered":"http:\/\/gruesa.net\/web\/?page_id=196"},"modified":"2022-08-17T13:54:32","modified_gmt":"2022-08-17T17:54:32","slug":"nuestra-historia","status":"publish","type":"page","link":"https:\/\/gruesa.net\/web\/nuestra-historia\/","title":{"rendered":"Nuestra Historia"},"content":{"rendered":"\n<style type=\"text\/css\" data-created_by=\"avia_inline_auto\" id=\"style-css-av-l6wzqfi2-45008e9b330e7799ceef1490fc14044e\">\n#top .av-special-heading.av-l6wzqfi2-45008e9b330e7799ceef1490fc14044e{\npadding-bottom:10px;\n}\n<\/style>\n<div  class='av-special-heading av-l6wzqfi2-45008e9b330e7799ceef1490fc14044e av-special-heading-h2 blockquote elegant-quote elegant-centered  avia-builder-el-0  el_before_av_hr  avia-builder-el-first  '><h2 class='av-special-heading-tag '  itemprop=\"headline\"  ><span class=\"heading-wrap\">NUESTRA HISTORIA<\/span><\/h2><div class='special-heading-border'><div class='special-heading-inner-border'><\/div><\/div><\/div>\n\n<style type=\"text\/css\" data-created_by=\"avia_inline_auto\" id=\"style-css-av-l6wzprz6-3803c750f0522822807c172a6fbdc30f\">\n#top .hr.hr-invisible.av-l6wzprz6-3803c750f0522822807c172a6fbdc30f{\nheight:50px;\n}\n<\/style>\n<div  class='hr av-l6wzprz6-3803c750f0522822807c172a6fbdc30f hr-invisible  avia-builder-el-1  el_after_av_heading  el_before_av_one_fifth  '><span class='hr-inner '><span class=\"hr-inner-style\"><\/span><\/span><\/div>\n<div class='flex_column av-9m2hg-753aa92c782966bd5caf56db33a9a707 av_one_fifth  avia-builder-el-2  el_after_av_hr  el_before_av_three_fifth  first flex_column_div '   ><\/div>\n<div class='flex_column av-lg9uk-2c40d6cfa129d46317008ddc4308e0b1 av_three_fifth  avia-builder-el-3  el_after_av_one_fifth  el_before_av_one_fifth  flex_column_div '   ><p>\n<style type=\"text\/css\" data-created_by=\"avia_inline_auto\" id=\"style-css-av-1g8jw-b1a46db9cb83ab706d7c10e0a6bd7600\">\n.avia-image-container.av-1g8jw-b1a46db9cb83ab706d7c10e0a6bd7600 .av-image-caption-overlay-center{\ncolor:#ffffff;\n}\n<\/style>\n<div  class='avia-image-container av-1g8jw-b1a46db9cb83ab706d7c10e0a6bd7600 av-styling- avia-align-center  avia-builder-el-4  el_before_av_textblock  avia-builder-el-first  '  itemprop=\"image\" itemscope=\"itemscope\" itemtype=\"https:\/\/schema.org\/ImageObject\" ><div class=\"avia-image-container-inner\"><div class=\"avia-image-overlay-wrap\"><img decoding=\"async\" class='avia-img-lazy-loading-not- avia_image' src=\"https:\/\/gruesa.net\/web\/wp-content\/uploads\/2011\/02\/Logo-Gruesa1.jpg\" alt='' title=''   itemprop=\"thumbnailUrl\"  \/><\/div><\/div><\/div><br \/>\n<section class=\"av_textblock_section \"  itemscope=\"itemscope\" itemtype=\"https:\/\/schema.org\/CreativeWork\" ><div class='avia_textblock  '  style='font-size:16px; '  itemprop=\"text\" ><p>Somos una empresa que se constituy\u00f3 el 30 de Junio del 2010. En sus inicios se form\u00f3 con la participaci\u00f3n de 100 miembros accionistas, con una colaboraci\u00f3n de un mill\u00f3n de pesos cada uno, sumando\u00a0 un total\u00a0 de 100 millones de pesos. Se inici\u00f3 con una directiva de 11 miembros. Esta compa\u00f1\u00eda es una sociedad an\u00f3nima. El esp\u00edritu en sus inicios fue formar un grupo de empresarios para compartir actividades econ\u00f3micas\u00a0 y sociales donde la uni\u00f3n fuera el estandarte y pudi\u00e9ramos crecer en varios t\u00f3picos\u00a0 para beneficios de todos. Este grupo fue f\u00e1cil constituirlo, pues, casi todos ya \u00e9ramos amigos y conocidos. La idea de formar un grupo para\u00a0 estos fines originalmente fue del Se\u00f1or Benedito P\u00e9rez (Negro) y los primeros miembros se encargaron de divulgar la idea hasta conseguir la suma de 100 socios de a un mill\u00f3n de pesos.<\/p>\n<\/div><\/section><\/p><\/div><div class='flex_column av-93qrg-f3335571c7049d679afa9f03e1da4c55 av_one_fifth  avia-builder-el-6  el_after_av_three_fifth  avia-builder-el-last  flex_column_div '   ><\/div><\/p>\n","protected":false},"excerpt":{"rendered":"","protected":false},"author":2,"featured_media":0,"parent":0,"menu_order":0,"comment_status":"closed","ping_status":"closed","template":"","meta":[],"_links":{"self":[{"href":"https:\/\/gruesa.net\/web\/wp-json\/wp\/v2\/pages\/196"}],"collection":[{"href":"https:\/\/gruesa.net\/web\/wp-json\/wp\/v2\/pages"}],"about":[{"href":"https:\/\/gruesa.net\/web\/wp-json\/wp\/v2\/types\/page"}],"author":[{"embeddable":true,"href":"https:\/\/gruesa.net\/web\/wp-json\/wp\/v2\/users\/2"}],"replies":[{"embeddable":true,"href":"https:\/\/gruesa.net\/web\/wp-json\/wp\/v2\/comments?post=196"}],"version-history":[{"count":10,"href":"https:\/\/gruesa.net\/web\/wp-json\/wp\/v2\/pages\/196\/revisions"}],"predecessor-version":[{"id":876,"href":"https:\/\/gruesa.net\/web\/wp-json\/wp\/v2\/pages\/196\/revisions\/876"}],"wp:attachment":[{"href":"https:\/\/gruesa.net\/web\/wp-json\/wp\/v2\/media?parent=196"}],"curies":[{"name":"wp","href":"https:\/\/api.w.org\/{rel}","templated":true}]}}