{"id":198,"date":"2011-11-23T10:29:15","date_gmt":"2011-11-23T14:29:15","guid":{"rendered":"http:\/\/gruesa.net\/web\/?page_id=198"},"modified":"2022-08-26T09:22:13","modified_gmt":"2022-08-26T13:22:13","slug":"valores","status":"publish","type":"page","link":"https:\/\/gruesa.net\/web\/nosotros\/valores\/","title":{"rendered":"Valores"},"content":{"rendered":"<p><a href=\" http:\/\/gruesa.net\/web\/nosotros\/\">Misi\u00f3n &amp; Visi\u00f3n<\/a><a href=\"http:\/\/gruesa.net\/web\/nosotros\/nuestra-historia\/\"> | Nuestra Historia<\/a> | <a href=\"http:\/\/gruesa.net\/web\/nosotros\/valores\/\">Valores<\/a><\/p>\n<ul>\n<li>Honestidad<\/li>\n<li>Confianza<\/li>\n<li>Responsabilidad<\/li>\n<li>Credibilidad<\/li>\n<li>Uni\u00f3n<\/li>\n<li>Trabajo en Equipo<\/li>\n<li>Respeto<\/li>\n<li>Calidez Humana<\/li>\n<li>Discreci\u00f3n<\/li>\n<li>Disponibilidad<\/li>\n<li>Entusiasmo<\/li>\n<li>Servicio<\/li>\n<li>Calidad<\/li>\n<li>Humildad<\/li>\n<li>Integridad Humana<\/li>\n<\/ul>\n","protected":false},"excerpt":{"rendered":"<p>Misi\u00f3n &amp; Visi\u00f3n | Nuestra Historia | Valores Honestidad Confianza Responsabilidad Credibilidad Uni\u00f3n Trabajo en Equipo Respeto Calidez Humana Discreci\u00f3n Disponibilidad Entusiasmo Servicio Calidad Humildad Integridad Humana<\/p>\n","protected":false},"author":2,"featured_media":0,"parent":3,"menu_order":0,"comment_status":"closed","ping_status":"open","template":"","meta":[],"_links":{"self":[{"href":"https:\/\/gruesa.net\/web\/wp-json\/wp\/v2\/pages\/198"}],"collection":[{"href":"https:\/\/gruesa.net\/web\/wp-json\/wp\/v2\/pages"}],"about":[{"href":"https:\/\/gruesa.net\/web\/wp-json\/wp\/v2\/types\/page"}],"author":[{"embeddable":true,"href":"https:\/\/gruesa.net\/web\/wp-json\/wp\/v2\/users\/2"}],"replies":[{"embeddable":true,"href":"https:\/\/gruesa.net\/web\/wp-json\/wp\/v2\/comments?post=198"}],"version-history":[{"count":7,"href":"https:\/\/gruesa.net\/web\/wp-json\/wp\/v2\/pages\/198\/revisions"}],"predecessor-version":[{"id":871,"href":"https:\/\/gruesa.net\/web\/wp-json\/wp\/v2\/pages\/198\/revisions\/871"}],"up":[{"embeddable":true,"href":"https:\/\/gruesa.net\/web\/wp-json\/wp\/v2\/pages\/3"}],"wp:attachment":[{"href":"https:\/\/gruesa.net\/web\/wp-json\/wp\/v2\/media?parent=198"}],"curies":[{"name":"wp","href":"https:\/\/api.w.org\/{rel}","templated":true}]}}