{"id":5,"date":"2011-02-28T16:16:26","date_gmt":"2011-02-28T20:16:26","guid":{"rendered":"http:\/\/gruesa.net\/web\/?page_id=5"},"modified":"2022-08-26T09:23:59","modified_gmt":"2022-08-26T13:23:59","slug":"consejo-directivo","status":"publish","type":"page","link":"https:\/\/gruesa.net\/web\/consejo-directivo\/","title":{"rendered":"Consejo Directivo"},"content":{"rendered":"<p><strong>Nuestro Consejo Directivo est\u00e1 integrado por:<\/strong><\/p>\n<table border=\"0\" width=\"100%\" cellspacing=\"0\" cellpadding=\"0\">\n<tbody>\n<tr>\n<td><img decoding=\"async\" loading=\"lazy\" src=\"http:\/\/gruesa.net\/web\/wp-content\/uploads\/2011\/12\/logo-gruesa-socios.jpg\" alt=\"\" width=\"40\" height=\"45\" \/><\/td>\n<td>ARNULFO JOS\u00c9 OSCAR GUTI\u00c9RREZ POLANCO<\/td>\n<\/tr>\n<tr>\n<td><img decoding=\"async\" loading=\"lazy\" src=\"http:\/\/gruesa.net\/web\/wp-content\/uploads\/2011\/12\/logo-gruesa-socios.jpg\" alt=\"\" width=\"40\" height=\"45\" \/><\/td>\n<td>BENEDICTO DE JESUS PEREZ TAVERAS<\/td>\n<\/tr>\n<tr>\n<td><img decoding=\"async\" loading=\"lazy\" src=\"http:\/\/gruesa.net\/web\/wp-content\/uploads\/2011\/12\/logo-gruesa-socios.jpg\" alt=\"\" width=\"40\" height=\"45\" \/><\/td>\n<td>JUAN ZACARIAS FERNANDEZ ZAPATA<\/td>\n<\/tr>\n<tr>\n<td><img decoding=\"async\" loading=\"lazy\" src=\"http:\/\/gruesa.net\/web\/wp-content\/uploads\/2011\/12\/logo-gruesa-socios.jpg\" alt=\"\" width=\"40\" height=\"45\" \/><\/td>\n<td>ELIGIO ANTONIO PEREZ GUZMAN<\/td>\n<\/tr>\n<tr>\n<td><img decoding=\"async\" loading=\"lazy\" src=\"http:\/\/gruesa.net\/web\/wp-content\/uploads\/2011\/12\/logo-gruesa-socios.jpg\" alt=\"\" width=\"40\" height=\"45\" \/><\/td>\n<td>JUAN PABLO TORRES QUEZADA<\/td>\n<\/tr>\n<tr>\n<td><img decoding=\"async\" loading=\"lazy\" src=\"http:\/\/gruesa.net\/web\/wp-content\/uploads\/2011\/12\/logo-gruesa-socios.jpg\" alt=\"\" width=\"40\" height=\"45\" \/><\/td>\n<td>BENIGNO DEL CARMEN REYES TAVARES<\/td>\n<\/tr>\n<tr>\n<td><img decoding=\"async\" loading=\"lazy\" src=\"http:\/\/gruesa.net\/web\/wp-content\/uploads\/2011\/12\/logo-gruesa-socios.jpg\" alt=\"\" width=\"40\" height=\"45\" \/><\/td>\n<td>SIXTO JOSE PERALTA PEREZ<\/td>\n<\/tr>\n<tr>\n<td><img decoding=\"async\" loading=\"lazy\" src=\"http:\/\/gruesa.net\/web\/wp-content\/uploads\/2011\/12\/logo-gruesa-socios.jpg\" alt=\"\" width=\"40\" height=\"45\" \/><\/td>\n<td>ALEXIS ANTONIO CASTRO PEREZ<\/td>\n<\/tr>\n<tr>\n<td><img decoding=\"async\" loading=\"lazy\" src=\"http:\/\/gruesa.net\/web\/wp-content\/uploads\/2011\/12\/logo-gruesa-socios.jpg\" alt=\"\" width=\"40\" height=\"45\" \/><\/td>\n<td>TEODORO MARCELINO VI\u00d1AS TORRES<\/td>\n<\/tr>\n<tr>\n<td><img decoding=\"async\" loading=\"lazy\" src=\"http:\/\/gruesa.net\/web\/wp-content\/uploads\/2011\/12\/logo-gruesa-socios.jpg\" alt=\"\" width=\"40\" height=\"45\" \/><\/td>\n<td>EDDY RAMON VERAS POLANCO<\/td>\n<\/tr>\n<\/tbody>\n<\/table>\n","protected":false},"excerpt":{"rendered":"<p>Nuestro Consejo Directivo est\u00e1 integrado por: ARNULFO JOS\u00c9 OSCAR GUTI\u00c9RREZ POLANCO BENEDICTO DE JESUS PEREZ TAVERAS JUAN ZACARIAS FERNANDEZ ZAPATA ELIGIO ANTONIO PEREZ GUZMAN JUAN PABLO TORRES QUEZADA BENIGNO DEL CARMEN REYES TAVARES SIXTO JOSE PERALTA PEREZ ALEXIS ANTONIO CASTRO PEREZ TEODORO MARCELINO VI\u00d1AS TORRES EDDY RAMON VERAS POLANCO<\/p>\n","protected":false},"author":1,"featured_media":0,"parent":0,"menu_order":1,"comment_status":"closed","ping_status":"open","template":"","meta":[],"_links":{"self":[{"href":"https:\/\/gruesa.net\/web\/wp-json\/wp\/v2\/pages\/5"}],"collection":[{"href":"https:\/\/gruesa.net\/web\/wp-json\/wp\/v2\/pages"}],"about":[{"href":"https:\/\/gruesa.net\/web\/wp-json\/wp\/v2\/types\/page"}],"author":[{"embeddable":true,"href":"https:\/\/gruesa.net\/web\/wp-json\/wp\/v2\/users\/1"}],"replies":[{"embeddable":true,"href":"https:\/\/gruesa.net\/web\/wp-json\/wp\/v2\/comments?post=5"}],"version-history":[{"count":14,"href":"https:\/\/gruesa.net\/web\/wp-json\/wp\/v2\/pages\/5\/revisions"}],"predecessor-version":[{"id":890,"href":"https:\/\/gruesa.net\/web\/wp-json\/wp\/v2\/pages\/5\/revisions\/890"}],"wp:attachment":[{"href":"https:\/\/gruesa.net\/web\/wp-json\/wp\/v2\/media?parent=5"}],"curies":[{"name":"wp","href":"https:\/\/api.w.org\/{rel}","templated":true}]}}