{"id":755,"date":"2022-08-16T22:04:34","date_gmt":"2022-08-17T02:04:34","guid":{"rendered":"https:\/\/gruesa.net\/web\/?page_id=755"},"modified":"2022-08-16T22:04:34","modified_gmt":"2022-08-17T02:04:34","slug":"noticias","status":"publish","type":"page","link":"https:\/\/gruesa.net\/web\/noticias\/","title":{"rendered":"NOTICIAS"},"content":{"rendered":"<div class='flex_column av-av_one_full-d846867a37b468541bc8830743d44203 av_one_full  avia-builder-el-0  avia-builder-el-no-sibling  first flex_column_div '   ><div  class='av-alb-blogposts template-blog  '  itemscope=\"itemscope\" itemtype=\"https:\/\/schema.org\/Blog\" ><article class='post-entry post-entry-type-standard post-entry-639 post-loop-1 post-parity-odd single-small with-slider post-639 post type-post status-publish format-standard has-post-thumbnail hentry category-actividades category-actualidades'  itemscope=\"itemscope\" itemtype=\"https:\/\/schema.org\/BlogPosting\" ><div class='blog-meta'><a href='https:\/\/gruesa.net\/web\/2012\/12\/gruesa-en-diario-libre\/' class='small-preview'  title=\"img\"   itemprop=\"image\" itemscope=\"itemscope\" itemtype=\"https:\/\/schema.org\/ImageObject\" ><img width=\"180\" height=\"180\" src=\"https:\/\/gruesa.net\/web\/wp-content\/uploads\/2012\/12\/img-180x180.jpg\" class=\"wp-image-752 avia-img-lazy-loading-not-752 attachment-square size-square wp-post-image\" alt=\"\" decoding=\"async\" srcset=\"https:\/\/gruesa.net\/web\/wp-content\/uploads\/2012\/12\/img-180x180.jpg 180w, https:\/\/gruesa.net\/web\/wp-content\/uploads\/2012\/12\/img-80x80.jpg 80w, https:\/\/gruesa.net\/web\/wp-content\/uploads\/2012\/12\/img-36x36.jpg 36w\" sizes=\"(max-width: 180px) 100vw, 180px\" \/><span class=\"iconfont\" aria-hidden='true' data-av_icon='\ue836' data-av_iconfont='entypo-fontello'><\/span><\/a><\/div><div class='entry-content-wrapper clearfix standard-content'><header class=\"entry-content-header\"><h2 class='post-title entry-title '  itemprop=\"headline\" ><a href='https:\/\/gruesa.net\/web\/2012\/12\/gruesa-en-diario-libre\/' rel='bookmark' title='Enlace permanente: GRUESA en Diario Libre'>GRUESA en Diario Libre<span class='post-format-icon minor-meta'><\/span><\/a><\/h2><span class='post-meta-infos'><time class='date-container minor-meta updated' >diciembre 6, 2012<\/time><span class='text-sep text-sep-date'>\/<\/span><span class=\"blog-categories minor-meta\">en <a href=\"https:\/\/gruesa.net\/web\/category\/actividades\/\" rel=\"tag\">Actividades<\/a>, <a href=\"https:\/\/gruesa.net\/web\/category\/actualidades\/\" rel=\"tag\">Actualidades<\/a> <\/span><span class=\"text-sep text-sep-cat\">\/<\/span><span class=\"blog-author minor-meta\">por <span class=\"entry-author-link\"  itemprop=\"author\" ><span class=\"author\"><span class=\"fn\"><a href=\"https:\/\/gruesa.net\/web\/author\/webmaster\/\" title=\"Entradas de webmaster\" rel=\"author\">webmaster<\/a><\/span><\/span><\/span><\/span><\/span><\/header><div class=\"entry-content\"  itemprop=\"text\" ><p>Santiago. El Grupo de Empresarios de Santiago (GRUESA), present\u00f3 su proyecto inmobiliario Brisas de Gurabo en un c\u00f3ctel celebrado en el Bar Mois\u00e9s Zouain del Gran Teatro del Cibao. La nueva urbanizaci\u00f3n est\u00e1 ubicado en el sector Gurabo Abajo, es un complejo habitacional cerrado de ciento noventa solares entre trescientos hasta ochocientos metros cuadrados, con [&hellip;]<\/p>\n<div class=\"read-more-link\"><a href=\"https:\/\/gruesa.net\/web\/2012\/12\/gruesa-en-diario-libre\/\" class=\"more-link\">Leer m\u00e1s<span class=\"more-link-arrow\"><\/span><\/a><\/div>\n<\/div><footer class=\"entry-footer\"><\/footer><div class='post_delimiter'><\/div><\/div><div class='post_author_timeline'><\/div><span class='hidden'>\n\t\t\t\t<span class='av-structured-data'  itemprop=\"image\" itemscope=\"itemscope\" itemtype=\"https:\/\/schema.org\/ImageObject\" >\n\t\t\t\t\t\t<span itemprop='url'>https:\/\/gruesa.net\/web\/wp-content\/uploads\/2012\/12\/img.jpg<\/span>\n\t\t\t\t\t\t<span itemprop='height'>209<\/span>\n\t\t\t\t\t\t<span itemprop='width'>325<\/span>\n\t\t\t\t<\/span>\n\t\t\t\t<span class='av-structured-data'  itemprop=\"publisher\" itemtype=\"https:\/\/schema.org\/Organization\" itemscope=\"itemscope\" >\n\t\t\t\t\t\t<span itemprop='name'>webmaster<\/span>\n\t\t\t\t\t\t<span itemprop='logo' itemscope itemtype='https:\/\/schema.org\/ImageObject'>\n\t\t\t\t\t\t\t<span itemprop='url'>https:\/\/gruesa.net\/web\/wp-content\/uploads\/2011\/02\/Logo-Gruesa1.jpg<\/span>\n\t\t\t\t\t\t <\/span>\n\t\t\t\t<\/span><span class='av-structured-data'  itemprop=\"author\" itemscope=\"itemscope\" itemtype=\"https:\/\/schema.org\/Person\" ><span itemprop='name'>webmaster<\/span><\/span><span class='av-structured-data'  itemprop=\"datePublished\" datetime=\"2012-12-06T11:40:47-04:00\" >2012-12-06 11:40:47<\/span><span class='av-structured-data'  itemprop=\"dateModified\" itemtype=\"https:\/\/schema.org\/dateModified\" >2022-08-26 08:51:20<\/span><span class='av-structured-data'  itemprop=\"mainEntityOfPage\" itemtype=\"https:\/\/schema.org\/mainEntityOfPage\" ><span itemprop='name'>GRUESA en Diario Libre<\/span><\/span><\/span><\/article><article class='post-entry post-entry-type-standard post-entry-637 post-loop-2 post-parity-even single-small with-slider post-637 post type-post status-publish format-standard has-post-thumbnail hentry category-actividades category-actualidades'  itemscope=\"itemscope\" itemtype=\"https:\/\/schema.org\/BlogPosting\" ><div class='blog-meta'><a href='https:\/\/gruesa.net\/web\/2012\/12\/gruesa-en-allimimito\/' class='small-preview'  title=\"257876-focus-0-0-895-573\"   itemprop=\"image\" itemscope=\"itemscope\" itemtype=\"https:\/\/schema.org\/ImageObject\" ><img width=\"180\" height=\"180\" src=\"https:\/\/gruesa.net\/web\/wp-content\/uploads\/2012\/12\/257876-focus-0-0-895-573-180x180.jpg\" class=\"wp-image-747 avia-img-lazy-loading-not-747 attachment-square size-square wp-post-image\" alt=\"\" decoding=\"async\" srcset=\"https:\/\/gruesa.net\/web\/wp-content\/uploads\/2012\/12\/257876-focus-0-0-895-573-180x180.jpg 180w, https:\/\/gruesa.net\/web\/wp-content\/uploads\/2012\/12\/257876-focus-0-0-895-573-80x80.jpg 80w, https:\/\/gruesa.net\/web\/wp-content\/uploads\/2012\/12\/257876-focus-0-0-895-573-36x36.jpg 36w\" sizes=\"(max-width: 180px) 100vw, 180px\" \/><span class=\"iconfont\" aria-hidden='true' data-av_icon='\ue836' data-av_iconfont='entypo-fontello'><\/span><\/a><\/div><div class='entry-content-wrapper clearfix standard-content'><header class=\"entry-content-header\"><h2 class='post-title entry-title '  itemprop=\"headline\" ><a href='https:\/\/gruesa.net\/web\/2012\/12\/gruesa-en-allimimito\/' rel='bookmark' title='Enlace permanente: GRUESA en Allimimito'>GRUESA en Allimimito<span class='post-format-icon minor-meta'><\/span><\/a><\/h2><span class='post-meta-infos'><time class='date-container minor-meta updated' >diciembre 6, 2012<\/time><span class='text-sep text-sep-date'>\/<\/span><span class=\"blog-categories minor-meta\">en <a href=\"https:\/\/gruesa.net\/web\/category\/actividades\/\" rel=\"tag\">Actividades<\/a>, <a href=\"https:\/\/gruesa.net\/web\/category\/actualidades\/\" rel=\"tag\">Actualidades<\/a> <\/span><span class=\"text-sep text-sep-cat\">\/<\/span><span class=\"blog-author minor-meta\">por <span class=\"entry-author-link\"  itemprop=\"author\" ><span class=\"author\"><span class=\"fn\"><a href=\"https:\/\/gruesa.net\/web\/author\/webmaster\/\" title=\"Entradas de webmaster\" rel=\"author\">webmaster<\/a><\/span><\/span><\/span><\/span><\/span><\/header><div class=\"entry-content\"  itemprop=\"text\" ><p>El Grupo de Empresarios de Santiago GRUESA presenta su proyecto inmobiliario Brisas de Gurabo en un coctel celebrado en el Bar Moises Zouain del Gran Teatro del Cibao. La Urbanizaci\u00f3n Brisas de Gurabo es un proyecto cerrado de ciento noventa solares entre trescientos hasta ochocientos metros cuadrados con area comercial, area familiar y area verde, [&hellip;]<\/p>\n<div class=\"read-more-link\"><a href=\"https:\/\/gruesa.net\/web\/2012\/12\/gruesa-en-allimimito\/\" class=\"more-link\">Leer m\u00e1s<span class=\"more-link-arrow\"><\/span><\/a><\/div>\n<\/div><footer class=\"entry-footer\"><\/footer><div class='post_delimiter'><\/div><\/div><div class='post_author_timeline'><\/div><span class='hidden'>\n\t\t\t\t<span class='av-structured-data'  itemprop=\"image\" itemscope=\"itemscope\" itemtype=\"https:\/\/schema.org\/ImageObject\" >\n\t\t\t\t\t\t<span itemprop='url'>https:\/\/gruesa.net\/web\/wp-content\/uploads\/2012\/12\/257876-focus-0-0-895-573.jpg<\/span>\n\t\t\t\t\t\t<span itemprop='height'>573<\/span>\n\t\t\t\t\t\t<span itemprop='width'>895<\/span>\n\t\t\t\t<\/span>\n\t\t\t\t<span class='av-structured-data'  itemprop=\"publisher\" itemtype=\"https:\/\/schema.org\/Organization\" itemscope=\"itemscope\" >\n\t\t\t\t\t\t<span itemprop='name'>webmaster<\/span>\n\t\t\t\t\t\t<span itemprop='logo' itemscope itemtype='https:\/\/schema.org\/ImageObject'>\n\t\t\t\t\t\t\t<span itemprop='url'>https:\/\/gruesa.net\/web\/wp-content\/uploads\/2011\/02\/Logo-Gruesa1.jpg<\/span>\n\t\t\t\t\t\t <\/span>\n\t\t\t\t<\/span><span class='av-structured-data'  itemprop=\"author\" itemscope=\"itemscope\" itemtype=\"https:\/\/schema.org\/Person\" ><span itemprop='name'>webmaster<\/span><\/span><span class='av-structured-data'  itemprop=\"datePublished\" datetime=\"2012-12-06T11:29:36-04:00\" >2012-12-06 11:29:36<\/span><span class='av-structured-data'  itemprop=\"dateModified\" itemtype=\"https:\/\/schema.org\/dateModified\" >2022-08-26 08:51:31<\/span><span class='av-structured-data'  itemprop=\"mainEntityOfPage\" itemtype=\"https:\/\/schema.org\/mainEntityOfPage\" ><span itemprop='name'>GRUESA en Allimimito<\/span><\/span><\/span><\/article><article class='post-entry post-entry-type-standard post-entry-634 post-loop-3 post-parity-odd post-entry-last single-small with-slider post-634 post type-post status-publish format-standard has-post-thumbnail hentry category-actividades category-actualidades'  itemscope=\"itemscope\" itemtype=\"https:\/\/schema.org\/BlogPosting\" ><div class='blog-meta'><a href='https:\/\/gruesa.net\/web\/2012\/12\/gruesa-en-la-revista-digital\/' class='small-preview'  title=\"img.-11\"   itemprop=\"image\" itemscope=\"itemscope\" itemtype=\"https:\/\/schema.org\/ImageObject\" ><img width=\"180\" height=\"180\" src=\"https:\/\/gruesa.net\/web\/wp-content\/uploads\/2012\/12\/img.-11-180x180.jpg\" class=\"wp-image-750 avia-img-lazy-loading-not-750 attachment-square size-square wp-post-image\" alt=\"\" decoding=\"async\" srcset=\"https:\/\/gruesa.net\/web\/wp-content\/uploads\/2012\/12\/img.-11-180x180.jpg 180w, https:\/\/gruesa.net\/web\/wp-content\/uploads\/2012\/12\/img.-11-80x80.jpg 80w, https:\/\/gruesa.net\/web\/wp-content\/uploads\/2012\/12\/img.-11-36x36.jpg 36w\" sizes=\"(max-width: 180px) 100vw, 180px\" \/><span class=\"iconfont\" aria-hidden='true' data-av_icon='\ue836' data-av_iconfont='entypo-fontello'><\/span><\/a><\/div><div class='entry-content-wrapper clearfix standard-content'><header class=\"entry-content-header\"><h2 class='post-title entry-title '  itemprop=\"headline\" ><a href='https:\/\/gruesa.net\/web\/2012\/12\/gruesa-en-la-revista-digital\/' rel='bookmark' title='Enlace permanente: GRUESA en la Revista Digital'>GRUESA en la Revista Digital<span class='post-format-icon minor-meta'><\/span><\/a><\/h2><span class='post-meta-infos'><time class='date-container minor-meta updated' >diciembre 6, 2012<\/time><span class='text-sep text-sep-date'>\/<\/span><span class=\"blog-categories minor-meta\">en <a href=\"https:\/\/gruesa.net\/web\/category\/actividades\/\" rel=\"tag\">Actividades<\/a>, <a href=\"https:\/\/gruesa.net\/web\/category\/actualidades\/\" rel=\"tag\">Actualidades<\/a> <\/span><span class=\"text-sep text-sep-cat\">\/<\/span><span class=\"blog-author minor-meta\">por <span class=\"entry-author-link\"  itemprop=\"author\" ><span class=\"author\"><span class=\"fn\"><a href=\"https:\/\/gruesa.net\/web\/author\/webmaster\/\" title=\"Entradas de webmaster\" rel=\"author\">webmaster<\/a><\/span><\/span><\/span><\/span><\/span><\/header><div class=\"entry-content\"  itemprop=\"text\" ><p>&nbsp; El Grupo de Empresarios de Santiago GRUESA presenta su proyecto inmobiliario Brisas de Gurabo en un coctel celebrado en el Bar Moises Zouain del Gran Teatro del Cibao. La Urbanizaci\u00f3n Brisas de Gurabo es un proyecto cerrado de ciento noventa solares entre trescientos hasta ochocientos metros cuadrados con area comercial, area familiar y area [&hellip;]<\/p>\n<div class=\"read-more-link\"><a href=\"https:\/\/gruesa.net\/web\/2012\/12\/gruesa-en-la-revista-digital\/\" class=\"more-link\">Leer m\u00e1s<span class=\"more-link-arrow\"><\/span><\/a><\/div>\n<\/div><footer class=\"entry-footer\"><\/footer><div class='post_delimiter'><\/div><\/div><div class='post_author_timeline'><\/div><span class='hidden'>\n\t\t\t\t<span class='av-structured-data'  itemprop=\"image\" itemscope=\"itemscope\" itemtype=\"https:\/\/schema.org\/ImageObject\" >\n\t\t\t\t\t\t<span itemprop='url'>https:\/\/gruesa.net\/web\/wp-content\/uploads\/2012\/12\/img.-11.jpg<\/span>\n\t\t\t\t\t\t<span itemprop='height'>268<\/span>\n\t\t\t\t\t\t<span itemprop='width'>400<\/span>\n\t\t\t\t<\/span>\n\t\t\t\t<span class='av-structured-data'  itemprop=\"publisher\" itemtype=\"https:\/\/schema.org\/Organization\" itemscope=\"itemscope\" >\n\t\t\t\t\t\t<span itemprop='name'>webmaster<\/span>\n\t\t\t\t\t\t<span itemprop='logo' itemscope itemtype='https:\/\/schema.org\/ImageObject'>\n\t\t\t\t\t\t\t<span itemprop='url'>https:\/\/gruesa.net\/web\/wp-content\/uploads\/2011\/02\/Logo-Gruesa1.jpg<\/span>\n\t\t\t\t\t\t <\/span>\n\t\t\t\t<\/span><span class='av-structured-data'  itemprop=\"author\" itemscope=\"itemscope\" itemtype=\"https:\/\/schema.org\/Person\" ><span itemprop='name'>webmaster<\/span><\/span><span class='av-structured-data'  itemprop=\"datePublished\" datetime=\"2012-12-06T11:26:15-04:00\" >2012-12-06 11:26:15<\/span><span class='av-structured-data'  itemprop=\"dateModified\" itemtype=\"https:\/\/schema.org\/dateModified\" >2022-08-26 08:51:42<\/span><span class='av-structured-data'  itemprop=\"mainEntityOfPage\" itemtype=\"https:\/\/schema.org\/mainEntityOfPage\" ><span itemprop='name'>GRUESA en la Revista Digital<\/span><\/span><\/span><\/article><div class='single-small'><nav class='pagination'><span class='pagination-meta'>P\u00e1gina 1 de 5<\/span><span class='current'>1<\/span><a href='https:\/\/gruesa.net\/web\/wp-json\/wp\/v2\/pages\/755\/page\/2\/' class='inactive next_page' >2<\/a><a href='https:\/\/gruesa.net\/web\/wp-json\/wp\/v2\/pages\/755\/page\/3\/' class='inactive' >3<\/a><a href='https:\/\/gruesa.net\/web\/wp-json\/wp\/v2\/pages\/755\/page\/4\/' class='inactive' >4<\/a><a href='https:\/\/gruesa.net\/web\/wp-json\/wp\/v2\/pages\/755\/page\/5\/' class='inactive' >5<\/a><\/nav>\n<\/div><\/div><\/div>\n","protected":false},"excerpt":{"rendered":"","protected":false},"author":4,"featured_media":0,"parent":0,"menu_order":0,"comment_status":"closed","ping_status":"closed","template":"","meta":[],"_links":{"self":[{"href":"https:\/\/gruesa.net\/web\/wp-json\/wp\/v2\/pages\/755"}],"collection":[{"href":"https:\/\/gruesa.net\/web\/wp-json\/wp\/v2\/pages"}],"about":[{"href":"https:\/\/gruesa.net\/web\/wp-json\/wp\/v2\/types\/page"}],"author":[{"embeddable":true,"href":"https:\/\/gruesa.net\/web\/wp-json\/wp\/v2\/users\/4"}],"replies":[{"embeddable":true,"href":"https:\/\/gruesa.net\/web\/wp-json\/wp\/v2\/comments?post=755"}],"version-history":[{"count":2,"href":"https:\/\/gruesa.net\/web\/wp-json\/wp\/v2\/pages\/755\/revisions"}],"predecessor-version":[{"id":874,"href":"https:\/\/gruesa.net\/web\/wp-json\/wp\/v2\/pages\/755\/revisions\/874"}],"wp:attachment":[{"href":"https:\/\/gruesa.net\/web\/wp-json\/wp\/v2\/media?parent=755"}],"curies":[{"name":"wp","href":"https:\/\/api.w.org\/{rel}","templated":true}]}}