{"id":777,"date":"2022-08-17T11:38:35","date_gmt":"2022-08-17T15:38:35","guid":{"rendered":"https:\/\/gruesa.net\/web\/?page_id=777"},"modified":"2022-08-17T13:55:11","modified_gmt":"2022-08-17T17:55:11","slug":"juramentacion","status":"publish","type":"page","link":"https:\/\/gruesa.net\/web\/juramentacion\/","title":{"rendered":"JURAMENTACI\u00d3N"},"content":{"rendered":"\n<style type=\"text\/css\" data-created_by=\"avia_inline_auto\" id=\"style-css-av-l6xs2vm5-1d646d54eb796dbca22d11652945ed01\">\n#top .av-special-heading.av-l6xs2vm5-1d646d54eb796dbca22d11652945ed01{\npadding-bottom:10px;\n}\n<\/style>\n<div  class='av-special-heading av-l6xs2vm5-1d646d54eb796dbca22d11652945ed01 av-special-heading-h2 blockquote elegant-quote elegant-centered  avia-builder-el-0  el_before_av_hr  avia-builder-el-first  '><h2 class='av-special-heading-tag '  itemprop=\"headline\"  ><span class=\"heading-wrap\">JURAMENTACI\u00d3N<\/span><\/h2><div class='special-heading-border'><div class='special-heading-inner-border'><\/div><\/div><\/div>\n\n<style type=\"text\/css\" data-created_by=\"avia_inline_auto\" id=\"style-css-av-rpxr5-a0d9557c0e9bd32b5229e48f46db74ce\">\n#top .hr.hr-invisible.av-rpxr5-a0d9557c0e9bd32b5229e48f46db74ce{\nheight:50px;\n}\n<\/style>\n<div  class='hr av-rpxr5-a0d9557c0e9bd32b5229e48f46db74ce hr-invisible  avia-builder-el-1  el_after_av_heading  el_before_av_one_fifth  '><span class='hr-inner '><span class=\"hr-inner-style\"><\/span><\/span><\/div>\n<div class='flex_column av-lfd49-c624dc8ff7bc372db08224af169bdede av_one_fifth  avia-builder-el-2  el_after_av_hr  el_before_av_three_fifth  first flex_column_div '   ><\/div>\n<div class='flex_column av-fp71t-f92749690f5ca3a73b4c8afa11e4cfe9 av_three_fifth  avia-builder-el-3  el_after_av_one_fifth  el_before_av_one_fifth  flex_column_div '   ><section class=\"av_textblock_section \"  itemscope=\"itemscope\" itemtype=\"https:\/\/schema.org\/CreativeWork\" ><div class='avia_textblock  '  style='font-size:16px; '  itemprop=\"text\" ><p style=\"text-align: center;\">En la actividad de juramentaci\u00f3n se pretende presentar la nueva directiva a todos los socios, a las autoridades econ\u00f3micas, eclesi\u00e1sticas, pol\u00edticas, militares y sociales. Con este evento la empresa tendr\u00eda un nuevo lanzamiento promocional, donde la colocar\u00eda en la palestra p\u00fablica, logrando as\u00ed adquirir un nuevo posicionamiento\u00a0 social y valor de mercado.<\/p>\n<\/div><\/section><\/div><div class='flex_column av-a0z75-01c8712cd9ec8e7749d5b5f04ec99b18 av_one_fifth  avia-builder-el-5  el_after_av_three_fifth  avia-builder-el-last  flex_column_div '   ><\/div><\/p>\n","protected":false},"excerpt":{"rendered":"","protected":false},"author":4,"featured_media":0,"parent":0,"menu_order":0,"comment_status":"closed","ping_status":"closed","template":"","meta":[],"_links":{"self":[{"href":"https:\/\/gruesa.net\/web\/wp-json\/wp\/v2\/pages\/777"}],"collection":[{"href":"https:\/\/gruesa.net\/web\/wp-json\/wp\/v2\/pages"}],"about":[{"href":"https:\/\/gruesa.net\/web\/wp-json\/wp\/v2\/types\/page"}],"author":[{"embeddable":true,"href":"https:\/\/gruesa.net\/web\/wp-json\/wp\/v2\/users\/4"}],"replies":[{"embeddable":true,"href":"https:\/\/gruesa.net\/web\/wp-json\/wp\/v2\/comments?post=777"}],"version-history":[{"count":3,"href":"https:\/\/gruesa.net\/web\/wp-json\/wp\/v2\/pages\/777\/revisions"}],"predecessor-version":[{"id":869,"href":"https:\/\/gruesa.net\/web\/wp-json\/wp\/v2\/pages\/777\/revisions\/869"}],"wp:attachment":[{"href":"https:\/\/gruesa.net\/web\/wp-json\/wp\/v2\/media?parent=777"}],"curies":[{"name":"wp","href":"https:\/\/api.w.org\/{rel}","templated":true}]}}